{"id":6543,"date":"2023-01-11T13:43:13","date_gmt":"2023-01-11T12:43:13","guid":{"rendered":"https:\/\/spbseguros.com\/area-pessoal\/"},"modified":"2023-03-09T10:52:33","modified_gmt":"2023-03-09T09:52:33","slug":"area-pessoal","status":"publish","type":"page","link":"https:\/\/spbseguros.com\/pt-pt\/area-pessoal\/","title":{"rendered":"\u00c1rea pessoal"},"content":{"rendered":"\t\t<div data-elementor-type=\"wp-page\" data-elementor-id=\"6543\" class=\"elementor elementor-6543 elementor-5050\" data-elementor-post-type=\"page\">\n\t\t\t\t<div class=\"elementor-element elementor-element-6c37773c e-flex e-con-boxed e-con e-parent\" data-id=\"6c37773c\" data-element_type=\"container\" data-e-type=\"container\" data-settings=\"{&quot;background_background&quot;:&quot;gradient&quot;}\">\n\t\t\t\t\t<div class=\"e-con-inner\">\n\t\t<div class=\"elementor-element elementor-element-662a8381 e-con-full e-flex e-con e-parent\" data-id=\"662a8381\" data-element_type=\"container\" data-e-type=\"container\">\n\t\t\t\t<div class=\"elementor-element elementor-element-4c7b782a elementor-widget elementor-widget-text-editor\" data-id=\"4c7b782a\" data-element_type=\"widget\" data-e-type=\"widget\" data-widget_type=\"text-editor.default\">\n\t\t\t\t<div class=\"elementor-widget-container\">\n\t\t\t\t\t\t\t\t\t<p>A melhor experi\u00eancia do cliente<\/p>\n\t\t\t\t\t\t\t\t<\/div>\n\t\t\t\t<\/div>\n\t\t\t\t<div class=\"elementor-element elementor-element-2b4a2545 elementor-widget elementor-widget-heading\" data-id=\"2b4a2545\" data-element_type=\"widget\" data-e-type=\"widget\" data-widget_type=\"heading.default\">\n\t\t\t\t<div class=\"elementor-widget-container\">\n\t\t\t\t\t<h2 class=\"elementor-heading-title elementor-size-default\">O especialista de seguros para a vida quotidiana<\/h2>\t\t\t\t<\/div>\n\t\t\t\t<\/div>\n\t\t\t\t<div class=\"elementor-element elementor-element-59ce7bed elementor-widget elementor-widget-text-editor\" data-id=\"59ce7bed\" data-element_type=\"widget\" data-e-type=\"widget\" data-widget_type=\"text-editor.default\">\n\t\t\t\t<div class=\"elementor-widget-container\">\n\t\t\t\t\t\t\t\t\t<p>A SPB protege-o diariamente com as melhores ap\u00f3lices de seguro para todos os tipos de produtos.<\/p>\n\t\t\t\t\t\t\t\t<\/div>\n\t\t\t\t<\/div>\n\t\t\t\t<\/div>\n\t\t\t\t\t<\/div>\n\t\t\t\t<\/div>\n\t\t<div class=\"elementor-element elementor-element-7e6d05a e-flex e-con-boxed e-con e-parent\" data-id=\"7e6d05a\" data-element_type=\"container\" data-e-type=\"container\">\n\t\t\t\t\t<div class=\"e-con-inner\">\n\t\t<div class=\"elementor-element elementor-element-94c5840 e-con-full e-flex e-con e-parent\" data-id=\"94c5840\" data-element_type=\"container\" data-e-type=\"container\">\n\t\t\t\t<div class=\"elementor-element elementor-element-30495fa elementor-widget elementor-widget-text-editor\" data-id=\"30495fa\" data-element_type=\"widget\" data-e-type=\"widget\" data-widget_type=\"text-editor.default\">\n\t\t\t\t<div class=\"elementor-widget-container\">\n\t\t\t\t\t\t\t\t\t<h3>Entre na sua \u00e1rea pessoal de clientes SPB e poder\u00e1 gerir tudo o que precisa online:<\/h3>\n<ul>\n<li>Pol\u00edticas contratadas<\/li>\n<li>Declare a sua reivindica\u00e7\u00e3o<\/li>\n<li>Estado actual do seu dossier em tempo real<\/li>\n<li>Gest\u00e3o documental<\/li>\n<li>Pagamentos de franquia<\/li>\n<li>Pr\u00e9mios pendentes<\/li>\n<li>E muito mais<\/li>\n<\/ul>\n<p>Pode registar-se facilmente, e come\u00e7ar\u00e1 a controlar o seu seguro atrav\u00e9s da nossa Plataforma do Cliente.<\/p>\n<p>Descubra-o neste <a href=\"https:\/\/miseguro.spbseguros.com\/AccesoCliente.aspx?lg=1\">link<\/a> clicando em &#8220;Registar&#8221;.<\/p>\n<h3>A nossa plataforma est\u00e1 dispon\u00edvel 24 horas por dia, 7 dias por semana.<\/h3>\n<ul>\n<li>Pode aceder facilmente \u00e0 sua <em>\u00c1rea Pessoal<\/em> de Cliente e cumprir todas as formalidades relacionadas com a sua pol\u00edtica.<\/li>\n<li><em>Pode tamb\u00e9m contactar-nos por chat ou atrav\u00e9s do n\u00famero de telefone da sua ap\u00f3lice.<\/em><\/li>\n<\/ul>\n\t\t\t\t\t\t\t\t<\/div>\n\t\t\t\t<\/div>\n\t\t\t\t<\/div>\n\t\t<div class=\"elementor-element elementor-element-5fbdb76 e-con-full e-flex e-con e-parent\" data-id=\"5fbdb76\" data-element_type=\"container\" data-e-type=\"container\">\n\t\t\t\t<div class=\"elementor-element elementor-element-7069d26 elementor-widget elementor-widget-html\" data-id=\"7069d26\" data-element_type=\"widget\" data-e-type=\"widget\" data-widget_type=\"html.default\">\n\t\t\t\t<div class=\"elementor-widget-container\">\n\t\t\t\t\t<iframe style=\"border: none;\" src=\"https:\/\/miseguro.spbseguros.com\/AccesoCliente.aspx?act=iframe_input&amp;lg=1\" width=\"100%\" height=\"950\" align=\"center\"><\/iframe>\t\t\t\t<\/div>\n\t\t\t\t<\/div>\n\t\t\t\t<\/div>\n\t\t\t\t\t<\/div>\n\t\t\t\t<\/div>\n\t\t<div class=\"elementor-element elementor-element-0f17118 e-flex e-con-boxed e-con e-parent\" data-id=\"0f17118\" data-element_type=\"container\" data-e-type=\"container\">\n\t\t\t\t\t<div class=\"e-con-inner\">\n\t\t\t\t\t<\/div>\n\t\t\t\t<\/div>\n\t\t\t\t<\/div>\n\t\t","protected":false},"excerpt":{"rendered":"<p>A melhor experi\u00eancia do cliente O especialista de seguros para a vida quotidiana A SPB protege-o diariamente com as melhores ap\u00f3lices de seguro para todos os tipos de produtos. Entre na sua \u00e1rea pessoal de clientes SPB e poder\u00e1 gerir tudo o que precisa online: Pol\u00edticas contratadas Declare a sua reivindica\u00e7\u00e3o Estado actual do seu [&hellip;]<\/p>\n","protected":false},"author":8,"featured_media":0,"parent":0,"menu_order":0,"comment_status":"closed","ping_status":"closed","template":"","meta":{"inline_featured_image":false,"footnotes":""},"class_list":["post-6543","page","type-page","status-publish","hentry"],"_links":{"self":[{"href":"https:\/\/spbseguros.com\/pt-pt\/wp-json\/wp\/v2\/pages\/6543","targetHints":{"allow":["GET"]}}],"collection":[{"href":"https:\/\/spbseguros.com\/pt-pt\/wp-json\/wp\/v2\/pages"}],"about":[{"href":"https:\/\/spbseguros.com\/pt-pt\/wp-json\/wp\/v2\/types\/page"}],"author":[{"embeddable":true,"href":"https:\/\/spbseguros.com\/pt-pt\/wp-json\/wp\/v2\/users\/8"}],"replies":[{"embeddable":true,"href":"https:\/\/spbseguros.com\/pt-pt\/wp-json\/wp\/v2\/comments?post=6543"}],"version-history":[{"count":5,"href":"https:\/\/spbseguros.com\/pt-pt\/wp-json\/wp\/v2\/pages\/6543\/revisions"}],"predecessor-version":[{"id":6622,"href":"https:\/\/spbseguros.com\/pt-pt\/wp-json\/wp\/v2\/pages\/6543\/revisions\/6622"}],"wp:attachment":[{"href":"https:\/\/spbseguros.com\/pt-pt\/wp-json\/wp\/v2\/media?parent=6543"}],"curies":[{"name":"wp","href":"https:\/\/api.w.org\/{rel}","templated":true}]}}