{"id":6566,"date":"2021-03-21T07:21:44","date_gmt":"2021-03-21T06:21:44","guid":{"rendered":"https:\/\/spbseguros.com\/as-nossas-noticias\/"},"modified":"2023-03-08T10:01:05","modified_gmt":"2023-03-08T09:01:05","slug":"as-nossas-noticias","status":"publish","type":"page","link":"https:\/\/spbseguros.com\/pt-pt\/as-nossas-noticias\/","title":{"rendered":"As nossas not\u00edcias"},"content":{"rendered":"\t\t<div data-elementor-type=\"wp-page\" data-elementor-id=\"6566\" class=\"elementor elementor-6566 elementor-488\" data-elementor-post-type=\"page\">\n\t\t\t\t<div class=\"elementor-element elementor-element-5e33ba5d e-flex e-con-boxed e-con e-parent\" data-id=\"5e33ba5d\" data-element_type=\"container\" data-e-type=\"container\" data-settings=\"{&quot;background_background&quot;:&quot;gradient&quot;}\">\n\t\t\t\t\t<div class=\"e-con-inner\">\n\t\t<div class=\"elementor-element elementor-element-63fc1679 e-con-full e-flex e-con e-parent\" data-id=\"63fc1679\" data-element_type=\"container\" data-e-type=\"container\">\n\t\t<div class=\"elementor-element elementor-element-f6929cf e-con-full e-flex e-con e-parent\" data-id=\"f6929cf\" data-element_type=\"container\" data-e-type=\"container\">\n\t\t\t\t<div class=\"elementor-element elementor-element-7b9dd85b elementor-widget elementor-widget-text-editor\" data-id=\"7b9dd85b\" data-element_type=\"widget\" data-e-type=\"widget\" data-widget_type=\"text-editor.default\">\n\t\t\t\t<div class=\"elementor-widget-container\">\n\t\t\t\t\t\t\t\t\t<p>As nossas not\u00edcias<\/p>\n\t\t\t\t\t\t\t\t<\/div>\n\t\t\t\t<\/div>\n\t\t\t\t<div class=\"elementor-element elementor-element-20b221a2 elementor-widget elementor-widget-heading\" data-id=\"20b221a2\" data-element_type=\"widget\" data-e-type=\"widget\" data-widget_type=\"heading.default\">\n\t\t\t\t<div class=\"elementor-widget-container\">\n\t\t\t\t\t<h2 class=\"elementor-heading-title elementor-size-default\">Todas as \u00faltimas not\u00edcias da SPB, seguros de vida, afinidade, tecnologia de gest\u00e3o, RSE e muito mais.<\/h2>\t\t\t\t<\/div>\n\t\t\t\t<\/div>\n\t\t\t\t<div class=\"elementor-element elementor-element-658cf155 elementor-widget elementor-widget-text-editor\" data-id=\"658cf155\" data-element_type=\"widget\" data-e-type=\"widget\" data-widget_type=\"text-editor.default\">\n\t\t\t\t<div class=\"elementor-widget-container\">\n\t\t\t\t\t\t\t\t\t<p>Descubra os nossos temas: seguros, gest\u00e3o, rela\u00e7\u00f5es com clientes, estrat\u00e9gias de up-selling e cross-selling, transforma\u00e7\u00e3o digital, UX, dados e business intelligence, RSE, gest\u00e3o de riscos&#8230;<\/p>\n\t\t\t\t\t\t\t\t<\/div>\n\t\t\t\t<\/div>\n\t\t\t\t<\/div>\n\t\t\t\t<\/div>\n\t\t<div class=\"elementor-element elementor-element-c2d1b62 e-con-full e-flex e-con e-parent\" data-id=\"c2d1b62\" data-element_type=\"container\" data-e-type=\"container\">\n\t\t\t\t<\/div>\n\t\t\t\t\t<\/div>\n\t\t\t\t<\/div>\n\t\t\t\t<section class=\"elementor-section elementor-top-section elementor-element elementor-element-6ff3f310 elementor-section-boxed elementor-section-height-default elementor-section-height-default\" data-id=\"6ff3f310\" data-element_type=\"section\" data-e-type=\"section\">\n\t\t\t\t\t\t<div class=\"elementor-container elementor-column-gap-default\">\n\t\t\t\t\t<div class=\"elementor-column elementor-col-100 elementor-top-column elementor-element elementor-element-4a7a27c5\" data-id=\"4a7a27c5\" data-element_type=\"column\" data-e-type=\"column\">\n\t\t\t<div class=\"elementor-widget-wrap elementor-element-populated\">\n\t\t\t\t\t\t<div class=\"elementor-element elementor-element-2751581c elementor-widget elementor-widget-pd-pcf\" data-id=\"2751581c\" data-element_type=\"widget\" data-e-type=\"widget\" data-widget_type=\"pd-pcf.default\">\n\t\t\t\t<div class=\"elementor-widget-container\">\n\t\t\t\t\t<div\r\n\t        \t\tclass=\"pd-pcf-container pd-pcf-column-type-default\"\r\n\t        \t\tid=\"wbel_pd_pcf_pd_pcf2751581c\"\r\n\t        \t\tdata-columns_per_row=\"3\"\r\n\t        \t\tdata-post_types=\"post\"\r\n\t        \t\tdata-tax_query=\"{&quot;0&quot;:{&quot;taxonomy&quot;:&quot;category&quot;,&quot;field&quot;:&quot;term_id&quot;,&quot;terms&quot;:[&quot;11&quot;,&quot;12&quot;,&quot;13&quot;,&quot;15&quot;,&quot;25&quot;]},&quot;relation&quot;:&quot;OR&quot;}\"\r\n\t        \t\tdata-posts_per_page=\"6\"\r\n\t        \t\tdata-settings=\"{&quot;category_ids&quot;:[&quot;11&quot;,&quot;12&quot;,&quot;13&quot;,&quot;15&quot;,&quot;25&quot;],&quot;template_style&quot;:&quot;default&quot;,&quot;columns_per_row&quot;:3,&quot;read_more_text&quot;:&quot;Leer el art\\u00edculo&quot;,&quot;post_types&quot;:&quot;post&quot;,&quot;posts_per_page&quot;:6,&quot;thumbnail_size_size&quot;:&quot;medium&quot;,&quot;thumbnail_size_custom_dimension&quot;:null,&quot;display_image&quot;:&quot;yes&quot;,&quot;id&quot;:&quot;pd_pcf2751581c&quot;}\"\r\n\t        \t>\t\r\n\t        \t<div class=\"wbel-pd-pcf-category-container pd-pcf-filter-button-group\">\r\n\t        \t\t\t\t\t\t\t  <a href=\"#\" class=\"pd-pcf-filter-btn\" data-filter=\"*\">Show All<\/a>\r\n\t\t\t\t\t    \t\t\t\t\t\t\t\t\t<a href=\"#\" class=\"pd-pcf-filter-btn\" data-filter=\".digital-pt-pt-50\">DIGITAL<\/a>\r\n\t\t\t\t\t\t\t  \t  \t\t\t\t\t\t\t\t\t<a href=\"#\" class=\"pd-pcf-filter-btn\" data-filter=\".empresas-49\">EMPRESAS<\/a>\r\n\t\t\t\t\t\t\t  \t\r\n\t        \t<\/div>\r\n\t        <div\r\n\t\t        \t\tclass=\"wbel_pd_pcf_wrapper wbel_pd_pcf_default\"\r\n\t\t        \t><div class=\"pd_pcf_item pd-pcf-col-3 digital-pt-pt-50 empresas-49 experiencia-do-cliente-51 opcional-pt-pt-39 \">\r\n\t<div class=\"pd_pcf_single_item\">\r\n\t\t\t<div class=\"pd_pcf_thumbnail\">\r\n\t\t\t<a href=\"https:\/\/spbseguros.com\/pt-pt\/blog\/o-que-e-a-insurtech\/\">\r\n\t\t\t\t<img decoding=\"async\" src=\"https:\/\/spbseguros.com\/wp-content\/uploads\/2023\/02\/PRINCIPAL-V1-4-300x158.png\" title=\"PRINCIPAL V1 (4)\" alt=\"insurtech-seguro-digital\" \/>\t\t\t<\/a>\r\n\t\t<\/div>\r\n\t\t\t<div class=\"pd_pcf_content\">\r\n\r\n\t\t\t<div class=\"pd_pcf_title\">\r\n\t\t\t\t<h2><a href=\"https:\/\/spbseguros.com\/pt-pt\/blog\/o-que-e-a-insurtech\/\">O que \u00e9 a Insurtech?<\/a><\/h2>\r\n\t\t\t<\/div>\r\n\r\n\t\t\t<div class=\"pd_pcf_description\">\r\n\r\n\t\t\t\t<div class=\"pd_pcf_text\"><p>O que \u00e9 a Insurtech? A evolu\u00e7\u00e3o tecnol\u00f3gica est\u00e1 a provocar uma revolu\u00e7\u00e3o digital no mundo dos seguros, raz\u00e3o pela qual as seguradoras se perguntam constantemente: O que \u00e9 a Insurtech? Se quebrarmos a palavra, descobrimos que se trata de&hellip;<\/p>\n<\/div>\r\n\r\n\t\t\t\t\t\t\t\t\t<div class=\"pd_pcf_readmore\">\r\n\t\t\t\t\t\t<a class=\"pd_pcf_readmore_link\" href=\"https:\/\/spbseguros.com\/pt-pt\/blog\/o-que-e-a-insurtech\/\">Leer el art\u00edculo<\/a>\r\n\t\t\t\t\t<\/div>\r\n\t\t\t\t\t\t\t<\/div>\r\n\t\t\r\n\t\t<\/div>\r\n\t<\/div>\r\n<\/div><\/div><\/div>\t\t\t\t<\/div>\n\t\t\t\t<\/div>\n\t\t\t\t\t<\/div>\n\t\t<\/div>\n\t\t\t\t\t<\/div>\n\t\t<\/section>\n\t\t\t\t<\/div>\n\t\t","protected":false},"excerpt":{"rendered":"<p>As nossas not\u00edcias Todas as \u00faltimas not\u00edcias da SPB, seguros de vida, afinidade, tecnologia de gest\u00e3o, RSE e muito mais. Descubra os nossos temas: seguros, gest\u00e3o, rela\u00e7\u00f5es com clientes, estrat\u00e9gias de up-selling e cross-selling, transforma\u00e7\u00e3o digital, UX, dados e business intelligence, RSE, gest\u00e3o de riscos&#8230; Show All CORREDURIA DIGITAL NEGOCIO RSC \u00bfQu\u00e9 es el Insurtech? [&hellip;]<\/p>\n","protected":false},"author":8,"featured_media":0,"parent":0,"menu_order":0,"comment_status":"closed","ping_status":"closed","template":"","meta":{"inline_featured_image":false,"footnotes":""},"class_list":["post-6566","page","type-page","status-publish","hentry"],"_links":{"self":[{"href":"https:\/\/spbseguros.com\/pt-pt\/wp-json\/wp\/v2\/pages\/6566","targetHints":{"allow":["GET"]}}],"collection":[{"href":"https:\/\/spbseguros.com\/pt-pt\/wp-json\/wp\/v2\/pages"}],"about":[{"href":"https:\/\/spbseguros.com\/pt-pt\/wp-json\/wp\/v2\/types\/page"}],"author":[{"embeddable":true,"href":"https:\/\/spbseguros.com\/pt-pt\/wp-json\/wp\/v2\/users\/8"}],"replies":[{"embeddable":true,"href":"https:\/\/spbseguros.com\/pt-pt\/wp-json\/wp\/v2\/comments?post=6566"}],"version-history":[{"count":3,"href":"https:\/\/spbseguros.com\/pt-pt\/wp-json\/wp\/v2\/pages\/6566\/revisions"}],"predecessor-version":[{"id":6569,"href":"https:\/\/spbseguros.com\/pt-pt\/wp-json\/wp\/v2\/pages\/6566\/revisions\/6569"}],"wp:attachment":[{"href":"https:\/\/spbseguros.com\/pt-pt\/wp-json\/wp\/v2\/media?parent=6566"}],"curies":[{"name":"wp","href":"https:\/\/api.w.org\/{rel}","templated":true}]}}