{"id":6603,"date":"2021-03-20T07:29:16","date_gmt":"2021-03-20T06:29:16","guid":{"rendered":"https:\/\/spbseguros.com\/trabalhe-connosco\/"},"modified":"2023-03-08T12:25:11","modified_gmt":"2023-03-08T11:25:11","slug":"trabalhe-connosco","status":"publish","type":"page","link":"https:\/\/spbseguros.com\/pt-pt\/trabalhe-connosco\/","title":{"rendered":"Trabalhe connosco"},"content":{"rendered":"\t\t<div data-elementor-type=\"wp-page\" data-elementor-id=\"6603\" class=\"elementor elementor-6603 elementor-512\" data-elementor-post-type=\"page\">\n\t\t\t\t<div class=\"elementor-element elementor-element-5201e212 e-flex e-con-boxed e-con e-parent\" data-id=\"5201e212\" data-element_type=\"container\" data-e-type=\"container\" data-settings=\"{&quot;background_background&quot;:&quot;gradient&quot;}\">\n\t\t\t\t\t<div class=\"e-con-inner\">\n\t\t<div class=\"elementor-element elementor-element-2bee9001 e-con-full e-flex e-con e-parent\" data-id=\"2bee9001\" data-element_type=\"container\" data-e-type=\"container\">\n\t\t<div class=\"elementor-element elementor-element-23c55f38 e-con-full e-flex e-con e-parent\" data-id=\"23c55f38\" data-element_type=\"container\" data-e-type=\"container\">\n\t\t\t\t<div class=\"elementor-element elementor-element-4fc8ad9e elementor-widget elementor-widget-text-editor\" data-id=\"4fc8ad9e\" data-element_type=\"widget\" data-e-type=\"widget\" data-widget_type=\"text-editor.default\">\n\t\t\t\t<div class=\"elementor-widget-container\">\n\t\t\t\t\t\t\t\t\t<p>Junte-se \u00e0 nossa equipa!<\/p>\n\t\t\t\t\t\t\t\t<\/div>\n\t\t\t\t<\/div>\n\t\t\t\t<div class=\"elementor-element elementor-element-16a3db4d elementor-widget elementor-widget-heading\" data-id=\"16a3db4d\" data-element_type=\"widget\" data-e-type=\"widget\" data-widget_type=\"heading.default\">\n\t\t\t\t<div class=\"elementor-widget-container\">\n\t\t\t\t\t<h2 class=\"elementor-heading-title elementor-size-default\">Trabalhe connosco e junte-se a uma grande comunidade de especialistas din\u00e2micos e \u00e1geis.<\/h2>\t\t\t\t<\/div>\n\t\t\t\t<\/div>\n\t\t\t\t<div class=\"elementor-element elementor-element-4a86ad11 elementor-widget elementor-widget-text-editor\" data-id=\"4a86ad11\" data-element_type=\"widget\" data-e-type=\"widget\" data-widget_type=\"text-editor.default\">\n\t\t\t\t<div class=\"elementor-widget-container\">\n\t\t\t\t\t\t\t\t\t<p>Se gosta de desafios, novas tecnologias e redescobrir as melhores formas de criar experi\u00eancias de cliente em todos os tipos de sectores, este \u00e9 o lugar para si.<\/p>\n\t\t\t\t\t\t\t\t<\/div>\n\t\t\t\t<\/div>\n\t\t\t\t<\/div>\n\t\t\t\t<\/div>\n\t\t\t\t\t<\/div>\n\t\t\t\t<\/div>\n\t\t\t\t<section class=\"elementor-section elementor-top-section elementor-element elementor-element-674e913f elementor-section-boxed elementor-section-height-default elementor-section-height-default\" data-id=\"674e913f\" data-element_type=\"section\" data-e-type=\"section\">\n\t\t\t\t\t\t<div class=\"elementor-container elementor-column-gap-default\">\n\t\t\t\t\t<div class=\"elementor-column elementor-col-100 elementor-top-column elementor-element elementor-element-37120c91\" data-id=\"37120c91\" data-element_type=\"column\" data-e-type=\"column\">\n\t\t\t<div class=\"elementor-widget-wrap elementor-element-populated\">\n\t\t\t\t\t\t<div class=\"elementor-element elementor-element-35911980 elementor-widget elementor-widget-heading\" data-id=\"35911980\" data-element_type=\"widget\" data-e-type=\"widget\" data-widget_type=\"heading.default\">\n\t\t\t\t<div class=\"elementor-widget-container\">\n\t\t\t\t\t<h3 class=\"elementor-heading-title elementor-size-default\">EXPLORE OS NOSSOS EMPREGOS - IMPULSIONE A SUA CARREIRA!<\/h3>\t\t\t\t<\/div>\n\t\t\t\t<\/div>\n\t\t\t\t<div class=\"elementor-element elementor-element-1f71e550 elementor-widget elementor-widget-text-editor\" data-id=\"1f71e550\" data-element_type=\"widget\" data-e-type=\"widget\" data-widget_type=\"text-editor.default\">\n\t\t\t\t<div class=\"elementor-widget-container\">\n\t\t\t\t\t\t\t\t\t<p>Para que se possa integrar facilmente na nossa equipa desde o primeiro dia, os nossos peritos em recursos humanos ajud\u00e1-lo-\u00e3o a aterrar com uma aterragem completa, testada e pr\u00f3xima a bordo. Al\u00e9m disso, ir\u00e3o acompanh\u00e1-lo no desenvolvimento da sua carreira profissional, treinando-o em t\u00e9cnicas de gest\u00e3o \u00e1geis e expondo-o a um vasto leque de profissionais que ir\u00e3o enriquecer os seus conhecimentos e compet\u00eancias. SPB \u00e9 um grupo internacional onde se pode expandir para outros mercados e aprender novas formas de fazer neg\u00f3cios. SPB \u00e9 o lugar para profissionais \u00e0 procura de novos desafios.<\/p>\n\t\t\t\t\t\t\t\t<\/div>\n\t\t\t\t<\/div>\n\t\t\t\t<div class=\"elementor-element elementor-element-5df6bef0 elementor-widget elementor-widget-spacer\" data-id=\"5df6bef0\" data-element_type=\"widget\" data-e-type=\"widget\" data-widget_type=\"spacer.default\">\n\t\t\t\t<div class=\"elementor-widget-container\">\n\t\t\t\t\t\t\t<div class=\"elementor-spacer\">\n\t\t\t<div class=\"elementor-spacer-inner\"><\/div>\n\t\t<\/div>\n\t\t\t\t\t\t<\/div>\n\t\t\t\t<\/div>\n\t\t\t\t\t<\/div>\n\t\t<\/div>\n\t\t\t\t\t<\/div>\n\t\t<\/section>\n\t\t\t\t<section class=\"elementor-section elementor-top-section elementor-element elementor-element-7922735 elementor-section-boxed elementor-section-height-default elementor-section-height-default\" data-id=\"7922735\" data-element_type=\"section\" data-e-type=\"section\">\n\t\t\t\t\t\t<div class=\"elementor-container elementor-column-gap-default\">\n\t\t\t\t\t<div class=\"elementor-column elementor-col-100 elementor-top-column elementor-element elementor-element-103a293c\" data-id=\"103a293c\" data-element_type=\"column\" data-e-type=\"column\">\n\t\t\t<div class=\"elementor-widget-wrap elementor-element-populated\">\n\t\t\t\t\t\t<div class=\"elementor-element elementor-element-44fa9a37 elementor-widget elementor-widget-html\" data-id=\"44fa9a37\" data-element_type=\"widget\" data-e-type=\"widget\" data-widget_type=\"html.default\">\n\t\t\t\t<div class=\"elementor-widget-container\">\n\t\t\t\t\t<div class=\"aboutus__article\">--<\/div>\t\t\t\t<\/div>\n\t\t\t\t<\/div>\n\t\t\t\t<div class=\"elementor-element elementor-element-6bc465 elementor-widget elementor-widget-heading\" data-id=\"6bc465\" data-element_type=\"widget\" data-e-type=\"widget\" data-widget_type=\"heading.default\">\n\t\t\t\t<div class=\"elementor-widget-container\">\n\t\t\t\t\t<h3 class=\"elementor-heading-title elementor-size-default\">DEVEMOS FALAR SOBRE A CULTURA DA SPB? <\/h3>\t\t\t\t<\/div>\n\t\t\t\t<\/div>\n\t\t\t\t<div class=\"elementor-element elementor-element-4e15a7d2 elementor-widget elementor-widget-text-editor\" data-id=\"4e15a7d2\" data-element_type=\"widget\" data-e-type=\"widget\" data-widget_type=\"text-editor.default\">\n\t\t\t\t<div class=\"elementor-widget-container\">\n\t\t\t\t\t\t\t\t\t<p>Aderir \u00e0 SPB significa juntar-se a uma comunidade de especialistas \u00e1geis e din\u00e2micos. Envolve a participa\u00e7\u00e3o no desenvolvimento de uma empresa que est\u00e1 a sofrer uma grande transforma\u00e7\u00e3o.<\/p><\/p>\n\t\t\t\t\t\t\t\t<\/div>\n\t\t\t\t<\/div>\n\t\t\t\t<div class=\"elementor-element elementor-element-704f383 elementor-widget elementor-widget-spacer\" data-id=\"704f383\" data-element_type=\"widget\" data-e-type=\"widget\" data-widget_type=\"spacer.default\">\n\t\t\t\t<div class=\"elementor-widget-container\">\n\t\t\t\t\t\t\t<div class=\"elementor-spacer\">\n\t\t\t<div class=\"elementor-spacer-inner\"><\/div>\n\t\t<\/div>\n\t\t\t\t\t\t<\/div>\n\t\t\t\t<\/div>\n\t\t\t\t\t<\/div>\n\t\t<\/div>\n\t\t\t\t\t<\/div>\n\t\t<\/section>\n\t\t\t\t<section class=\"elementor-section elementor-top-section elementor-element elementor-element-2b7cf04 elementor-section-boxed elementor-section-height-default elementor-section-height-default\" data-id=\"2b7cf04\" data-element_type=\"section\" data-e-type=\"section\">\n\t\t\t\t\t\t<div class=\"elementor-container elementor-column-gap-default\">\n\t\t\t\t\t<div class=\"elementor-column elementor-col-100 elementor-top-column elementor-element elementor-element-4610dbd\" data-id=\"4610dbd\" data-element_type=\"column\" data-e-type=\"column\">\n\t\t\t<div class=\"elementor-widget-wrap elementor-element-populated\">\n\t\t\t\t\t\t<div class=\"elementor-element elementor-element-575dcd4 elementor-widget elementor-widget-html\" data-id=\"575dcd4\" data-element_type=\"widget\" data-e-type=\"widget\" data-widget_type=\"html.default\">\n\t\t\t\t<div class=\"elementor-widget-container\">\n\t\t\t\t\t<div class=\"aboutus__article\">---<\/div>\t\t\t\t<\/div>\n\t\t\t\t<\/div>\n\t\t\t\t<div class=\"elementor-element elementor-element-043fa62 elementor-widget elementor-widget-heading\" data-id=\"043fa62\" data-element_type=\"widget\" data-e-type=\"widget\" data-widget_type=\"heading.default\">\n\t\t\t\t<div class=\"elementor-widget-container\">\n\t\t\t\t\t<h3 class=\"elementor-heading-title elementor-size-default\">VALORES QUE FAZEM SENTIDO<\/h3>\t\t\t\t<\/div>\n\t\t\t\t<\/div>\n\t\t\t\t<div class=\"elementor-element elementor-element-11025a8 elementor-widget elementor-widget-html\" data-id=\"11025a8\" data-element_type=\"widget\" data-e-type=\"widget\" data-widget_type=\"html.default\">\n\t\t\t\t<div class=\"elementor-widget-container\">\n\t\t\t\t\t<div class=\"joinus__value-icon-wrapper\">\n    <div class=\"joinus__value-icon-firstr\">\n         <div class=\"solutions__symbol-square bg__fff-color\">&nbsp;<\/div>\n         <div class=\"solutions__symbol-triangle-lb bg__2c5cd3-color\">&nbsp;<\/div>\n    <\/div>\n    <div class=\"joinus__value-icon-secondr\">\n        <div class=\"solutions__symbol-triangle-lb bg__2c5cd3-color\">&nbsp;<\/div>\n         <div class=\"solutions__symbol-circle-bot solutions__symbol-circle-dbot-transformedtop bg__00a9d8-color\"><\/div>\n    <\/div>\n    <div class=\"joinus__value-name joinus__value-name-innovation\">\n Inova\u00e7\u00e3o\n    <\/div>\n<\/div>\t\t\t\t<\/div>\n\t\t\t\t<\/div>\n\t\t\t\t<div class=\"elementor-element elementor-element-19ded01 elementor-widget elementor-widget-html\" data-id=\"19ded01\" data-element_type=\"widget\" data-e-type=\"widget\" data-widget_type=\"html.default\">\n\t\t\t\t<div class=\"elementor-widget-container\">\n\t\t\t\t\t<div class=\"joinus__value-icon-wrapper\">\n    <div class=\"joinus__value-icon-firstr\">\n         <div class=\"solutions__symbol-square bg__fff-color\">&nbsp;<\/div>\n        <div class=\"solutions__symbol-square bg__95269c-color\">&nbsp;<\/div>\n    <\/div>\n    <div class=\"joinus__value-icon-secondr\">\n         <div class=\"solutions__symbol-circle-dtop solutions__symbol-circle-dtop-transformedbottom bg__bf007a-color\"><\/div>\n         <div class=\"solutions__symbol-circle bg__bf007a-color\"><\/div>\n    <\/div>\n    <div class=\"joinus__value-name joinus__value-name-excellence\">Excel\u00eancia\n    <\/div>\n<\/div>\t\t\t\t<\/div>\n\t\t\t\t<\/div>\n\t\t\t\t<div class=\"elementor-element elementor-element-e890d7c elementor-widget elementor-widget-html\" data-id=\"e890d7c\" data-element_type=\"widget\" data-e-type=\"widget\" data-widget_type=\"html.default\">\n\t\t\t\t<div class=\"elementor-widget-container\">\n\t\t\t\t\t<div class=\"joinus__value-icon-wrapper\">\n    <div class=\"joinus__value-icon-firstr\">\n        <div class=\"solutions__symbol-circle bg__2c5cd3-color\"><\/div>\n         <div class=\"solutions__symbol-square bg__183a8d-color\">&nbsp;<\/div>\n    <\/div>\n    <div class=\"joinus__value-icon-secondr\">\n         <div class=\"solutions__symbol-triangle-bb bg__00a9d8-color\">&nbsp;<\/div>\n          <div class=\"solutions__symbol-square bg__fff-color\">&nbsp;<\/div>\n    <\/div>\n    <div class=\"joinus__value-name joinus__value-name-integrit\u00e9\">Integridade\n    <\/div>\n<\/div>\t\t\t\t<\/div>\n\t\t\t\t<\/div>\n\t\t\t\t\t<\/div>\n\t\t<\/div>\n\t\t\t\t\t<\/div>\n\t\t<\/section>\n\t\t<div class=\"elementor-element elementor-element-b8c7be8 e-flex e-con-boxed e-con e-parent\" data-id=\"b8c7be8\" data-element_type=\"container\" data-e-type=\"container\">\n\t\t\t\t\t<div class=\"e-con-inner\">\n\t\t\t\t<div class=\"elementor-element elementor-element-1239894 elementor-widget elementor-widget-heading\" data-id=\"1239894\" data-element_type=\"widget\" data-e-type=\"widget\" data-widget_type=\"heading.default\">\n\t\t\t\t<div class=\"elementor-widget-container\">\n\t\t\t\t\t<h2 class=\"elementor-heading-title elementor-size-default\">Estamos ansiosos por v\u00ea-lo<\/h2>\t\t\t\t<\/div>\n\t\t\t\t<\/div>\n\t\t\t\t\t<\/div>\n\t\t\t\t<\/div>\n\t\t<div class=\"elementor-element elementor-element-c7567ed e-flex e-con-boxed e-con e-parent\" data-id=\"c7567ed\" data-element_type=\"container\" data-e-type=\"container\">\n\t\t\t\t\t<div class=\"e-con-inner\">\n\t\t\t\t<div class=\"elementor-element elementor-element-bfbcabe elementor-widget elementor-widget-text-editor\" data-id=\"bfbcabe\" data-element_type=\"widget\" data-e-type=\"widget\" data-widget_type=\"text-editor.default\">\n\t\t\t\t<div class=\"elementor-widget-container\">\n\t\t\t\t\t\t\t\t\t<p>Aqui pode ver as posi\u00e7\u00f5es actuais<\/p>\n\t\t\t\t\t\t\t\t<\/div>\n\t\t\t\t<\/div>\n\t\t\t\t\t<\/div>\n\t\t\t\t<\/div>\n\t\t<div class=\"elementor-element elementor-element-4fd78a1 e-flex e-con-boxed e-con e-parent\" data-id=\"4fd78a1\" data-element_type=\"container\" data-e-type=\"container\">\n\t\t\t\t\t<div class=\"e-con-inner\">\n\t\t\t\t<div class=\"elementor-element elementor-element-597a491 elementor-widget elementor-widget-text-editor\" data-id=\"597a491\" data-element_type=\"widget\" data-e-type=\"widget\" data-widget_type=\"text-editor.default\">\n\t\t\t\t<div class=\"elementor-widget-container\">\n\t\t\t\t\t\t\t\t\t<p>N\u00e3o h\u00e1 posi\u00e7\u00f5es em aberto<\/p>\n\t\t\t\t\t\t\t\t<\/div>\n\t\t\t\t<\/div>\n\t\t\t\t\t<\/div>\n\t\t\t\t<\/div>\n\t\t\t\t<section class=\"elementor-section elementor-top-section elementor-element elementor-element-7a76e040 elementor-section-boxed elementor-section-height-default elementor-section-height-default\" data-id=\"7a76e040\" data-element_type=\"section\" data-e-type=\"section\">\n\t\t\t\t\t\t<div class=\"elementor-container elementor-column-gap-default\">\n\t\t\t\t\t<div class=\"elementor-column elementor-col-100 elementor-top-column elementor-element elementor-element-260efdb3\" data-id=\"260efdb3\" data-element_type=\"column\" data-e-type=\"column\">\n\t\t\t<div class=\"elementor-widget-wrap elementor-element-populated\">\n\t\t\t\t\t\t<div class=\"elementor-element elementor-element-5d05c34b elementor-widget elementor-widget-heading\" data-id=\"5d05c34b\" data-element_type=\"widget\" data-e-type=\"widget\" data-widget_type=\"heading.default\">\n\t\t\t\t<div class=\"elementor-widget-container\">\n\t\t\t\t\t<h2 class=\"elementor-heading-title elementor-size-default\">Siga-nos nas redes sociais<\/h2>\t\t\t\t<\/div>\n\t\t\t\t<\/div>\n\t\t\t\t<div class=\"elementor-element elementor-element-b493912 elementor-widget elementor-widget-button\" data-id=\"b493912\" data-element_type=\"widget\" data-e-type=\"widget\" data-widget_type=\"button.default\">\n\t\t\t\t<div class=\"elementor-widget-container\">\n\t\t\t\t\t\t\t\t\t<div class=\"elementor-button-wrapper\">\n\t\t\t\t\t<a class=\"elementor-button elementor-button-link elementor-size-sm\" href=\"https:\/\/www.linkedin.com\/company\/spb-group\" target=\"_blank\" rel=\"noopener\">\n\t\t\t\t\t\t<span class=\"elementor-button-content-wrapper\">\n\t\t\t\t\t\t\t\t\t<span class=\"elementor-button-text\">LinkedIn<\/span>\n\t\t\t\t\t<\/span>\n\t\t\t\t\t<\/a>\n\t\t\t\t<\/div>\n\t\t\t\t\t\t\t\t<\/div>\n\t\t\t\t<\/div>\n\t\t\t\t<div class=\"elementor-element elementor-element-b60f64d elementor-widget elementor-widget-button\" data-id=\"b60f64d\" data-element_type=\"widget\" data-e-type=\"widget\" data-widget_type=\"button.default\">\n\t\t\t\t<div class=\"elementor-widget-container\">\n\t\t\t\t\t\t\t\t\t<div class=\"elementor-button-wrapper\">\n\t\t\t\t\t<a class=\"elementor-button elementor-button-link elementor-size-sm\" href=\"http:\/\/www.spbseguros.com\/nuestras-novedades\/\">\n\t\t\t\t\t\t<span class=\"elementor-button-content-wrapper\">\n\t\t\t\t\t\t\t\t\t<span class=\"elementor-button-text\">Blog<\/span>\n\t\t\t\t\t<\/span>\n\t\t\t\t\t<\/a>\n\t\t\t\t<\/div>\n\t\t\t\t\t\t\t\t<\/div>\n\t\t\t\t<\/div>\n\t\t\t\t\t<\/div>\n\t\t<\/div>\n\t\t\t\t\t<\/div>\n\t\t<\/section>\n\t\t\t\t<\/div>\n\t\t","protected":false},"excerpt":{"rendered":"<p>Junte-se \u00e0 nossa equipa! Trabalhe connosco e junte-se a uma grande comunidade de especialistas din\u00e2micos e \u00e1geis. Se gosta de desafios, novas tecnologias e redescobrir as melhores formas de criar experi\u00eancias de cliente em todos os tipos de sectores, este \u00e9 o lugar para si. EXPLORE OS NOSSOS EMPREGOS &#8211; IMPULSIONE A SUA CARREIRA! Para [&hellip;]<\/p>\n","protected":false},"author":8,"featured_media":0,"parent":0,"menu_order":0,"comment_status":"closed","ping_status":"closed","template":"","meta":{"inline_featured_image":false,"footnotes":""},"class_list":["post-6603","page","type-page","status-publish","hentry"],"_links":{"self":[{"href":"https:\/\/spbseguros.com\/pt-pt\/wp-json\/wp\/v2\/pages\/6603","targetHints":{"allow":["GET"]}}],"collection":[{"href":"https:\/\/spbseguros.com\/pt-pt\/wp-json\/wp\/v2\/pages"}],"about":[{"href":"https:\/\/spbseguros.com\/pt-pt\/wp-json\/wp\/v2\/types\/page"}],"author":[{"embeddable":true,"href":"https:\/\/spbseguros.com\/pt-pt\/wp-json\/wp\/v2\/users\/8"}],"replies":[{"embeddable":true,"href":"https:\/\/spbseguros.com\/pt-pt\/wp-json\/wp\/v2\/comments?post=6603"}],"version-history":[{"count":3,"href":"https:\/\/spbseguros.com\/pt-pt\/wp-json\/wp\/v2\/pages\/6603\/revisions"}],"predecessor-version":[{"id":6606,"href":"https:\/\/spbseguros.com\/pt-pt\/wp-json\/wp\/v2\/pages\/6603\/revisions\/6606"}],"wp:attachment":[{"href":"https:\/\/spbseguros.com\/pt-pt\/wp-json\/wp\/v2\/media?parent=6603"}],"curies":[{"name":"wp","href":"https:\/\/api.w.org\/{rel}","templated":true}]}}