{"id":6687,"date":"2023-01-11T13:43:33","date_gmt":"2023-01-11T12:43:33","guid":{"rendered":"https:\/\/spbseguros.com\/area-do-distribuidor\/"},"modified":"2023-03-16T10:24:03","modified_gmt":"2023-03-16T09:24:03","slug":"area-do-distribuidor","status":"publish","type":"page","link":"https:\/\/spbseguros.com\/pt-pt\/area-do-distribuidor\/","title":{"rendered":"\u00c1rea do Distribuidor"},"content":{"rendered":"\t\t<div data-elementor-type=\"wp-page\" data-elementor-id=\"6687\" class=\"elementor elementor-6687 elementor-5053\" data-elementor-post-type=\"page\">\n\t\t\t\t<div class=\"elementor-element elementor-element-7f84018a e-flex e-con-boxed e-con e-parent\" data-id=\"7f84018a\" data-element_type=\"container\" data-e-type=\"container\" data-settings=\"{&quot;background_background&quot;:&quot;gradient&quot;}\">\n\t\t\t\t\t<div class=\"e-con-inner\">\n\t\t<div class=\"elementor-element elementor-element-63022b2e e-con-full e-flex e-con e-parent\" data-id=\"63022b2e\" data-element_type=\"container\" data-e-type=\"container\">\n\t\t\t\t<div class=\"elementor-element elementor-element-2ae862c4 elementor-widget elementor-widget-text-editor\" data-id=\"2ae862c4\" data-element_type=\"widget\" data-e-type=\"widget\" data-widget_type=\"text-editor.default\">\n\t\t\t\t<div class=\"elementor-widget-container\">\n\t\t\t\t\t\t\t\t\t<p>\u00c1rea do distribuidor &#8211; seguro de afinidade de estilo de vida<\/p>\n\t\t\t\t\t\t\t\t<\/div>\n\t\t\t\t<\/div>\n\t\t\t\t<div class=\"elementor-element elementor-element-41428132 elementor-widget elementor-widget-heading\" data-id=\"41428132\" data-element_type=\"widget\" data-e-type=\"widget\" data-widget_type=\"heading.default\">\n\t\t\t\t<div class=\"elementor-widget-container\">\n\t\t\t\t\t<h2 class=\"elementor-heading-title elementor-size-default\">Agora pode vender o nosso seguro aos seus clientes<\/h2>\t\t\t\t<\/div>\n\t\t\t\t<\/div>\n\t\t\t\t<div class=\"elementor-element elementor-element-2e831df6 elementor-widget elementor-widget-text-editor\" data-id=\"2e831df6\" data-element_type=\"widget\" data-e-type=\"widget\" data-widget_type=\"text-editor.default\">\n\t\t\t\t<div class=\"elementor-widget-container\">\n\t\t\t\t\t\t\t\t\t<p>Qualquer que seja a dimens\u00e3o da sua empresa e do seu sector, permitimos-lhe integrar as vendas de seguros no seu ecossistema comercial, aumentando os seus lucros e construindo a lealdade dos seus clientes.<\/p>\n\t\t\t\t\t\t\t\t<\/div>\n\t\t\t\t<\/div>\n\t\t\t\t<\/div>\n\t\t\t\t\t<\/div>\n\t\t\t\t<\/div>\n\t\t<div class=\"elementor-element elementor-element-0d0f32e e-flex e-con-boxed e-con e-parent\" data-id=\"0d0f32e\" data-element_type=\"container\" data-e-type=\"container\">\n\t\t\t\t\t<div class=\"e-con-inner\">\n\t\t<div class=\"elementor-element elementor-element-e745288 e-flex e-con-boxed e-con e-parent\" data-id=\"e745288\" data-element_type=\"container\" data-e-type=\"container\">\n\t\t\t\t\t<div class=\"e-con-inner\">\n\t\t\t\t<div class=\"elementor-element elementor-element-a354c9a elementor-align-center elementor-widget elementor-widget-button\" data-id=\"a354c9a\" data-element_type=\"widget\" data-e-type=\"widget\" data-widget_type=\"button.default\">\n\t\t\t\t<div class=\"elementor-widget-container\">\n\t\t\t\t\t\t\t\t\t<div class=\"elementor-button-wrapper\">\n\t\t\t\t\t<a class=\"elementor-button elementor-button-link elementor-size-sm\" href=\"https:\/\/coverclub.spbseguros.com\/portal\/#\/clienteAltaDistribuidorPaso1?pais=1\" target=\"_blank\">\n\t\t\t\t\t\t<span class=\"elementor-button-content-wrapper\">\n\t\t\t\t\t\t\t\t\t<span class=\"elementor-button-text\">Gostaria de se registar como Distribuidor SPB?<\/span>\n\t\t\t\t\t<\/span>\n\t\t\t\t\t<\/a>\n\t\t\t\t<\/div>\n\t\t\t\t\t\t\t\t<\/div>\n\t\t\t\t<\/div>\n\t\t\t\t\t<\/div>\n\t\t\t\t<\/div>\n\t\t\t\t\t<\/div>\n\t\t\t\t<\/div>\n\t\t<div class=\"elementor-element elementor-element-fb97baf e-flex e-con-boxed e-con e-parent\" data-id=\"fb97baf\" data-element_type=\"container\" data-e-type=\"container\">\n\t\t\t\t\t<div class=\"e-con-inner\">\n\t\t<div class=\"elementor-element elementor-element-56aeb45 e-con-full e-flex e-con e-parent\" data-id=\"56aeb45\" data-element_type=\"container\" data-e-type=\"container\">\n\t\t\t\t<div class=\"elementor-element elementor-element-f2569ab elementor-widget elementor-widget-text-editor\" data-id=\"f2569ab\" data-element_type=\"widget\" data-e-type=\"widget\" data-widget_type=\"text-editor.default\">\n\t\t\t\t<div class=\"elementor-widget-container\">\n\t\t\t\t\t\t\t\t\t<h3>Ainda n\u00e3o \u00e9 um distribuidor SPB? Beneficie dos nossos servi\u00e7os:<\/h3>\n<ul>\n<li>Aumente os seus rendimentos sem custos (nem iniciais nem fixos).<\/li>\n<li>Construir a lealdade dos clientes.<\/li>\n<li>Criar novas oportunidades de neg\u00f3cio.<\/li>\n<li>Aumente o tr\u00e1fego para a sua loja.<\/li>\n<li>Aumenta as oportunidades de venda cruzada.<\/li>\n<li>Acrescente mais seguran\u00e7a e confian\u00e7a aos seus produtos.<\/li>\n<li>Seguros e garantias adaptadas aos seus produtos e clientes.<\/li>\n<\/ul>\n\t\t\t\t\t\t\t\t<\/div>\n\t\t\t\t<\/div>\n\t\t\t\t<\/div>\n\t\t<div class=\"elementor-element elementor-element-3623552 e-con-full e-flex e-con e-parent\" data-id=\"3623552\" data-element_type=\"container\" data-e-type=\"container\">\n\t\t\t\t<div class=\"elementor-element elementor-element-2187409 elementor-widget elementor-widget-html\" data-id=\"2187409\" data-element_type=\"widget\" data-e-type=\"widget\" data-widget_type=\"html.default\">\n\t\t\t\t<div class=\"elementor-widget-container\">\n\t\t\t\t\t<iframe style=\"border: none;\" src=\"https:\/\/coverclub.spbseguros.com\/index.aspx?modo=iframe&amp;custom_title=Accede%20a%20tu%20%C3%A1rea%20de%20Distribuidor%20SPB%20Seguros\" width=\"100%\" height=\"950\" align=\"center\"><\/iframe>\t\t\t\t<\/div>\n\t\t\t\t<\/div>\n\t\t\t\t<\/div>\n\t\t\t\t\t<\/div>\n\t\t\t\t<\/div>\n\t\t\t\t<\/div>\n\t\t","protected":false},"excerpt":{"rendered":"<p>\u00c1rea do distribuidor &#8211; seguro de afinidade de estilo de vida Agora pode vender o nosso seguro aos seus clientes Qualquer que seja a dimens\u00e3o da sua empresa e do seu sector, permitimos-lhe integrar as vendas de seguros no seu ecossistema comercial, aumentando os seus lucros e construindo a lealdade dos seus clientes. Gostaria de [&hellip;]<\/p>\n","protected":false},"author":8,"featured_media":0,"parent":0,"menu_order":0,"comment_status":"closed","ping_status":"closed","template":"","meta":{"inline_featured_image":false,"footnotes":""},"class_list":["post-6687","page","type-page","status-publish","hentry"],"_links":{"self":[{"href":"https:\/\/spbseguros.com\/pt-pt\/wp-json\/wp\/v2\/pages\/6687","targetHints":{"allow":["GET"]}}],"collection":[{"href":"https:\/\/spbseguros.com\/pt-pt\/wp-json\/wp\/v2\/pages"}],"about":[{"href":"https:\/\/spbseguros.com\/pt-pt\/wp-json\/wp\/v2\/types\/page"}],"author":[{"embeddable":true,"href":"https:\/\/spbseguros.com\/pt-pt\/wp-json\/wp\/v2\/users\/8"}],"replies":[{"embeddable":true,"href":"https:\/\/spbseguros.com\/pt-pt\/wp-json\/wp\/v2\/comments?post=6687"}],"version-history":[{"count":3,"href":"https:\/\/spbseguros.com\/pt-pt\/wp-json\/wp\/v2\/pages\/6687\/revisions"}],"predecessor-version":[{"id":6690,"href":"https:\/\/spbseguros.com\/pt-pt\/wp-json\/wp\/v2\/pages\/6687\/revisions\/6690"}],"wp:attachment":[{"href":"https:\/\/spbseguros.com\/pt-pt\/wp-json\/wp\/v2\/media?parent=6687"}],"curies":[{"name":"wp","href":"https:\/\/api.w.org\/{rel}","templated":true}]}}