{"id":6691,"date":"2021-03-03T07:21:02","date_gmt":"2021-03-03T06:21:02","guid":{"rendered":"https:\/\/spbseguros.com\/aviso-legal\/"},"modified":"2025-01-07T13:44:14","modified_gmt":"2025-01-07T12:44:14","slug":"aviso-legal","status":"publish","type":"page","link":"https:\/\/spbseguros.com\/pt-pt\/aviso-legal\/","title":{"rendered":"Aviso legal"},"content":{"rendered":"\t\t<div data-elementor-type=\"wp-page\" data-elementor-id=\"6691\" class=\"elementor elementor-6691 elementor-486\" data-elementor-post-type=\"page\">\n\t\t\t\t<div class=\"elementor-element elementor-element-4e091175 e-flex e-con-boxed e-con e-parent\" data-id=\"4e091175\" data-element_type=\"container\" data-e-type=\"container\" data-settings=\"{&quot;background_background&quot;:&quot;gradient&quot;}\">\n\t\t\t\t\t<div class=\"e-con-inner\">\n\t\t<div class=\"elementor-element elementor-element-6b473766 e-con-full e-flex e-con e-child\" data-id=\"6b473766\" data-element_type=\"container\" data-e-type=\"container\">\n\t\t\t\t<div class=\"elementor-element elementor-element-5555582b elementor-widget elementor-widget-heading\" data-id=\"5555582b\" data-element_type=\"widget\" data-e-type=\"widget\" data-widget_type=\"heading.default\">\n\t\t\t\t<div class=\"elementor-widget-container\">\n\t\t\t\t\t<h2 class=\"elementor-heading-title elementor-size-default\">Aviso legal<\/h2>\t\t\t\t<\/div>\n\t\t\t\t<\/div>\n\t\t\t\t<div class=\"elementor-element elementor-element-2f63bc2a elementor-widget elementor-widget-text-editor\" data-id=\"2f63bc2a\" data-element_type=\"widget\" data-e-type=\"widget\" data-widget_type=\"text-editor.default\">\n\t\t\t\t<div class=\"elementor-widget-container\">\n\t\t\t\t\t\t\t\t\t<p>condi\u00e7\u00f5es legais <\/p>\n\t\t\t\t\t\t\t\t<\/div>\n\t\t\t\t<\/div>\n\t\t\t\t<\/div>\n\t\t\t\t\t<\/div>\n\t\t\t\t<\/div>\n\t\t\t\t<section class=\"elementor-section elementor-top-section elementor-element elementor-element-59fb6bc8 elementor-section-boxed elementor-section-height-default elementor-section-height-default\" data-id=\"59fb6bc8\" data-element_type=\"section\" data-e-type=\"section\">\n\t\t\t\t\t\t<div class=\"elementor-container elementor-column-gap-default\">\n\t\t\t\t\t<div class=\"elementor-column elementor-col-100 elementor-top-column elementor-element elementor-element-7b4002ed\" data-id=\"7b4002ed\" data-element_type=\"column\" data-e-type=\"column\">\n\t\t\t<div class=\"elementor-widget-wrap elementor-element-populated\">\n\t\t\t\t\t\t<div class=\"elementor-element elementor-element-299b661b elementor-widget elementor-widget-heading\" data-id=\"299b661b\" data-element_type=\"widget\" data-e-type=\"widget\" data-widget_type=\"heading.default\">\n\t\t\t\t<div class=\"elementor-widget-container\">\n\t\t\t\t\t<h2 class=\"elementor-heading-title elementor-size-default\">O s\u00edtio web<\/h2>\t\t\t\t<\/div>\n\t\t\t\t<\/div>\n\t\t\t\t<div class=\"elementor-element elementor-element-1bfe3c81 elementor-widget elementor-widget-text-editor\" data-id=\"1bfe3c81\" data-element_type=\"widget\" data-e-type=\"widget\" data-widget_type=\"text-editor.default\">\n\t\t\t\t<div class=\"elementor-widget-container\">\n\t\t\t\t\t\t\t\t\t<p>O website acess\u00edvel em www.spb.eu (a seguir o &#8220;Site&#8221;) \u00e9:<\/p>\n<ul>\n<li style=\"list-style-type: none;\">\n<ul>\n<li>Publicado pela Sociedad de Previsi\u00f3n Bancaria Ib\u00e9rica, Corredur\u00eda de Seguros y Reaseguros Privados, S. A. (adiante, &#8220;SPB Ib\u00e9rica&#8221;), com sede social em C\/Arequipa, n\u00ba 1, 28043 Madrid, com n\u00famero de identifica\u00e7\u00e3o fiscal A60966694 e n\u00famero de telefone +34 91 832 21 00.<\/li>\n<li>Hospedado por Arsys (www.arsys.es), com sede na Av. de la Vega, 1, 28108 Alcobendas, Madrid.<\/li>\n<\/ul>\n<\/li>\n<\/ul>\t\t\t\t\t\t\t\t<\/div>\n\t\t\t\t<\/div>\n\t\t\t\t\t<\/div>\n\t\t<\/div>\n\t\t\t\t\t<\/div>\n\t\t<\/section>\n\t\t\t\t<section class=\"elementor-section elementor-top-section elementor-element elementor-element-569f4575 elementor-section-boxed elementor-section-height-default elementor-section-height-default\" data-id=\"569f4575\" data-element_type=\"section\" data-e-type=\"section\">\n\t\t\t\t\t\t<div class=\"elementor-container elementor-column-gap-default\">\n\t\t\t\t\t<div class=\"elementor-column elementor-col-100 elementor-top-column elementor-element elementor-element-47ecbd4c\" data-id=\"47ecbd4c\" data-element_type=\"column\" data-e-type=\"column\">\n\t\t\t<div class=\"elementor-widget-wrap elementor-element-populated\">\n\t\t\t\t\t\t<div class=\"elementor-element elementor-element-2273df2b elementor-widget elementor-widget-heading\" data-id=\"2273df2b\" data-element_type=\"widget\" data-e-type=\"widget\" data-widget_type=\"heading.default\">\n\t\t\t\t<div class=\"elementor-widget-container\">\n\t\t\t\t\t<h2 class=\"elementor-heading-title elementor-size-default\">Condi\u00e7\u00f5es de utiliza\u00e7\u00e3o <\/h2>\t\t\t\t<\/div>\n\t\t\t\t<\/div>\n\t\t\t\t<div class=\"elementor-element elementor-element-27859728 elementor-widget elementor-widget-text-editor\" data-id=\"27859728\" data-element_type=\"widget\" data-e-type=\"widget\" data-widget_type=\"text-editor.default\">\n\t\t\t\t<div class=\"elementor-widget-container\">\n\t\t\t\t\t\t\t\t\t<section id=\"mainArea\" tabindex=\"-1\" role=\"main\" data-m=\"{\">\n<div id=\"LegalTextRegion\" class=\"pad-rich-content-block\" data-grid=\"container\" data-region-key=\"legaltextregion\" data-m=\"{\">\n<div id=\"coreui-contentrichblock-xz9zvoh\" data-module-id=\"Legal Page|LegalTextRegion|coreui-region|coreui-contentrichblock-xz9zvoh|coreui-contentrichblock\" data-m=\"{\">\n<div class=\"m-rich-content-block context-ucx\" data-grid=\"col-12\">\n<p>Estes termos e condi\u00e7\u00f5es gerais (os &#8220;Termos&#8221;) destinam-se a reger os termos de utiliza\u00e7\u00e3o do S\u00edtio.<\/p>\n<div id=\"panel-w5ceaebbcd61fe-0-0-1\" class=\"so-panel widget widget_sow-editor\" data-index=\"1\">\n<div class=\"panel-widget-style panel-widget-style-for-w5ceaebbcd61fe-0-0-1\">\n<div class=\"so-widget-sow-editor so-widget-sow-editor-base\">\n<div class=\"siteorigin-widget-tinymce textwidget\">\n<p>Considera-se que qualquer uso que dela tenha sido feito ocorreu em territ\u00f3rio espanhol.<\/p>\n<\/div>\n<\/div>\n<\/div>\n<\/div>\n<\/div>\n<\/div>\n<\/div>\n<\/section>\n\t\t\t\t\t\t\t\t<\/div>\n\t\t\t\t<\/div>\n\t\t\t\t\t<\/div>\n\t\t<\/div>\n\t\t\t\t\t<\/div>\n\t\t<\/section>\n\t\t\t\t<section class=\"elementor-section elementor-top-section elementor-element elementor-element-14254b7a elementor-section-boxed elementor-section-height-default elementor-section-height-default\" data-id=\"14254b7a\" data-element_type=\"section\" data-e-type=\"section\">\n\t\t\t\t\t\t<div class=\"elementor-container elementor-column-gap-default\">\n\t\t\t\t\t<div class=\"elementor-column elementor-col-100 elementor-top-column elementor-element elementor-element-468afc36\" data-id=\"468afc36\" data-element_type=\"column\" data-e-type=\"column\">\n\t\t\t<div class=\"elementor-widget-wrap elementor-element-populated\">\n\t\t\t\t\t\t<div class=\"elementor-element elementor-element-ecc4c94 elementor-widget elementor-widget-heading\" data-id=\"ecc4c94\" data-element_type=\"widget\" data-e-type=\"widget\" data-widget_type=\"heading.default\">\n\t\t\t\t<div class=\"elementor-widget-container\">\n\t\t\t\t\t<h2 class=\"elementor-heading-title elementor-size-default\">Propriedade Intelectual<\/h2>\t\t\t\t<\/div>\n\t\t\t\t<\/div>\n\t\t\t\t<div class=\"elementor-element elementor-element-514abe38 elementor-widget elementor-widget-text-editor\" data-id=\"514abe38\" data-element_type=\"widget\" data-e-type=\"widget\" data-widget_type=\"text-editor.default\">\n\t\t\t\t<div class=\"elementor-widget-container\">\n\t\t\t\t\t\t\t\t\t<p>Todo o site \u00e9 abrangido pela legisla\u00e7\u00e3o espanhola sobre direitos de autor e propriedade intelectual.<\/p>\n<p>O S\u00edtio e os seus componentes (incluindo marcas, log\u00f3tipos, textos, imagens, software e\/ou base de dados) s\u00e3o propriedade exclusiva da SPB Ib\u00e9rica e\/ou dos seus licenciadores. O Site e os seus componentes (incluindo marcas registadas, log\u00f3tipos, textos, imagens, software e\/ou base de dados) s\u00e3o propriedade exclusiva da SPB Iberica e\/ou dos seus licenciadores. Quaisquer outros direitos no Site s\u00e3o expressamente exclu\u00eddos sem a autoriza\u00e7\u00e3o pr\u00e9via da SPB Ib\u00e9rica. Em particular, \u00e9 proibido fazer adapta\u00e7\u00f5es e\/ou extrac\u00e7\u00f5es de todo ou parte do Site, bem como estabelecer liga\u00e7\u00f5es que apontem para o Site.<\/p>\n\t\t\t\t\t\t\t\t<\/div>\n\t\t\t\t<\/div>\n\t\t\t\t\t<\/div>\n\t\t<\/div>\n\t\t\t\t\t<\/div>\n\t\t<\/section>\n\t\t\t\t<section class=\"elementor-section elementor-top-section elementor-element elementor-element-2884053 elementor-section-boxed elementor-section-height-default elementor-section-height-default\" data-id=\"2884053\" data-element_type=\"section\" data-e-type=\"section\">\n\t\t\t\t\t\t<div class=\"elementor-container elementor-column-gap-default\">\n\t\t\t\t\t<div class=\"elementor-column elementor-col-100 elementor-top-column elementor-element elementor-element-eb740a2\" data-id=\"eb740a2\" data-element_type=\"column\" data-e-type=\"column\">\n\t\t\t<div class=\"elementor-widget-wrap elementor-element-populated\">\n\t\t\t\t\t\t<div class=\"elementor-element elementor-element-c337540 elementor-widget elementor-widget-heading\" data-id=\"c337540\" data-element_type=\"widget\" data-e-type=\"widget\" data-widget_type=\"heading.default\">\n\t\t\t\t<div class=\"elementor-widget-container\">\n\t\t\t\t\t<h2 class=\"elementor-heading-title elementor-size-default\">Limita\u00e7\u00e3o da Garantia<\/h2>\t\t\t\t<\/div>\n\t\t\t\t<\/div>\n\t\t\t\t<div class=\"elementor-element elementor-element-caa59dc elementor-widget elementor-widget-text-editor\" data-id=\"caa59dc\" data-element_type=\"widget\" data-e-type=\"widget\" data-widget_type=\"text-editor.default\">\n\t\t\t\t<div class=\"elementor-widget-container\">\n\t\t\t\t\t\t\t\t\t<p>Embora a SPB Ib\u00e9rica verifique a informa\u00e7\u00e3o no Site com o maior cuidado, n\u00e3o pode garantir a sua exactid\u00e3o, exaustividade e\/ou actualidade. Da mesma forma, a SPB Ib\u00e9rica n\u00e3o pode garantir que o S\u00edtio esteja livre de erros e\/ou defeitos materiais ou, dadas as caracter\u00edsticas intr\u00ednsecas da Internet, que possa ser consultado sem interrup\u00e7\u00e3o.<\/p>\n\t\t\t\t\t\t\t\t<\/div>\n\t\t\t\t<\/div>\n\t\t\t\t\t<\/div>\n\t\t<\/div>\n\t\t\t\t\t<\/div>\n\t\t<\/section>\n\t\t\t\t<section class=\"elementor-section elementor-top-section elementor-element elementor-element-21fe74d elementor-section-boxed elementor-section-height-default elementor-section-height-default\" data-id=\"21fe74d\" data-element_type=\"section\" data-e-type=\"section\">\n\t\t\t\t\t\t<div class=\"elementor-container elementor-column-gap-default\">\n\t\t\t\t\t<div class=\"elementor-column elementor-col-100 elementor-top-column elementor-element elementor-element-410656b\" data-id=\"410656b\" data-element_type=\"column\" data-e-type=\"column\">\n\t\t\t<div class=\"elementor-widget-wrap elementor-element-populated\">\n\t\t\t\t\t\t<div class=\"elementor-element elementor-element-ba0a21b elementor-widget elementor-widget-heading\" data-id=\"ba0a21b\" data-element_type=\"widget\" data-e-type=\"widget\" data-widget_type=\"heading.default\">\n\t\t\t\t<div class=\"elementor-widget-container\">\n\t\t\t\t\t<h2 class=\"elementor-heading-title elementor-size-default\">Responsabilidade <\/h2>\t\t\t\t<\/div>\n\t\t\t\t<\/div>\n\t\t\t\t<div class=\"elementor-element elementor-element-26fb5bb elementor-widget elementor-widget-text-editor\" data-id=\"26fb5bb\" data-element_type=\"widget\" data-e-type=\"widget\" data-widget_type=\"text-editor.default\">\n\t\t\t\t<div class=\"elementor-widget-container\">\n\t\t\t\t\t\t\t\t\t<p>SPB Ib\u00e9rica no se hace responsable de ning\u00fan da\u00f1o resultante de una conexi\u00f3n a la P\u00e1gina.<\/p>\n<p>A SPB Ib\u00e9rica pode fornecer links para outros sites. Estes sites s\u00e3o independentes do site da SPB Ib\u00e9rica. A SPB Ib\u00e9rica n\u00e3o publica nem controla as fontes, os conte\u00fados destes s\u00edtios ou as suas liga\u00e7\u00f5es a outros s\u00edtios. As liga\u00e7\u00f5es a estes sites n\u00e3o constituem de forma alguma um endosso, valida\u00e7\u00e3o ou ades\u00e3o da SPB Ib\u00e9rica ao conte\u00fado destes sites ou uma associa\u00e7\u00e3o da SPB Ib\u00e9rica com os propriet\u00e1rios e\/ou autores, designers, animadores, gestores ou anfitri\u00f5es destes sites. Portanto, a SPB Ib\u00e9rica n\u00e3o \u00e9 respons\u00e1vel pelo conte\u00fado, produtos, servi\u00e7os, publicidade, cookies ou qualquer outro elemento destes sites, bem como por todos os danos ou perdas, provados ou alegados, consequentes ou relacionados com a utiliza\u00e7\u00e3o de informa\u00e7\u00f5es, servi\u00e7os ou dados dispon\u00edveis nestes sites.<\/p>\n\t\t\t\t\t\t\t\t<\/div>\n\t\t\t\t<\/div>\n\t\t\t\t\t<\/div>\n\t\t<\/div>\n\t\t\t\t\t<\/div>\n\t\t<\/section>\n\t\t\t\t<section class=\"elementor-section elementor-top-section elementor-element elementor-element-4bc4615 elementor-section-boxed elementor-section-height-default elementor-section-height-default\" data-id=\"4bc4615\" data-element_type=\"section\" data-e-type=\"section\">\n\t\t\t\t\t\t<div class=\"elementor-container elementor-column-gap-default\">\n\t\t\t\t\t<div class=\"elementor-column elementor-col-100 elementor-top-column elementor-element elementor-element-f45e832\" data-id=\"f45e832\" data-element_type=\"column\" data-e-type=\"column\">\n\t\t\t<div class=\"elementor-widget-wrap elementor-element-populated\">\n\t\t\t\t\t\t<div class=\"elementor-element elementor-element-d8fc10c elementor-widget elementor-widget-heading\" data-id=\"d8fc10c\" data-element_type=\"widget\" data-e-type=\"widget\" data-widget_type=\"heading.default\">\n\t\t\t\t<div class=\"elementor-widget-container\">\n\t\t\t\t\t<h2 class=\"elementor-heading-title elementor-size-default\">Utiliza\u00e7\u00e3o de cookies<\/h2>\t\t\t\t<\/div>\n\t\t\t\t<\/div>\n\t\t\t\t<div class=\"elementor-element elementor-element-751744b elementor-widget elementor-widget-text-editor\" data-id=\"751744b\" data-element_type=\"widget\" data-e-type=\"widget\" data-widget_type=\"text-editor.default\">\n\t\t\t\t<div class=\"elementor-widget-container\">\n\t\t\t\t\t\t\t\t\t<p>O Site recolhe o endere\u00e7o IP dos utilizadores da Internet e utiliza certos cookies para permitir e facilitar a utiliza\u00e7\u00e3o do site.<\/p>\n<p>Os utilizadores da Internet podem desactivar a utiliza\u00e7\u00e3o de cookies, seleccionando as defini\u00e7\u00f5es apropriadas no seu navegador de Internet. Contudo, tal desactiva\u00e7\u00e3o pode impedir a utiliza\u00e7\u00e3o de certas caracter\u00edsticas do S\u00edtio.<\/p>\n<p>Ao utilizar este website, os utilizadores da Internet concordam expressamente com o tratamento dos seus dados pessoais pelo Google, nas condi\u00e7\u00f5es e para os fins acima descritos.<\/p>\n\t\t\t\t\t\t\t\t<\/div>\n\t\t\t\t<\/div>\n\t\t\t\t\t<\/div>\n\t\t<\/div>\n\t\t\t\t\t<\/div>\n\t\t<\/section>\n\t\t\t\t<section class=\"elementor-section elementor-top-section elementor-element elementor-element-c79ad48 elementor-section-boxed elementor-section-height-default elementor-section-height-default\" data-id=\"c79ad48\" data-element_type=\"section\" data-e-type=\"section\">\n\t\t\t\t\t\t<div class=\"elementor-container elementor-column-gap-default\">\n\t\t\t\t\t<div class=\"elementor-column elementor-col-100 elementor-top-column elementor-element elementor-element-7d3f1e9\" data-id=\"7d3f1e9\" data-element_type=\"column\" data-e-type=\"column\">\n\t\t\t<div class=\"elementor-widget-wrap elementor-element-populated\">\n\t\t\t\t\t\t<div class=\"elementor-element elementor-element-e41b0ab elementor-widget elementor-widget-heading\" data-id=\"e41b0ab\" data-element_type=\"widget\" data-e-type=\"widget\" data-widget_type=\"heading.default\">\n\t\t\t\t<div class=\"elementor-widget-container\">\n\t\t\t\t\t<h2 class=\"elementor-heading-title elementor-size-default\">Protec\u00e7\u00e3o de dados pessoais<\/h2>\t\t\t\t<\/div>\n\t\t\t\t<\/div>\n\t\t\t\t<div class=\"elementor-element elementor-element-e513e8f elementor-widget elementor-widget-text-editor\" data-id=\"e513e8f\" data-element_type=\"widget\" data-e-type=\"widget\" data-widget_type=\"text-editor.default\">\n\t\t\t\t<div class=\"elementor-widget-container\">\n\t\t\t\t\t\t\t\t\t<p>No caso de serem recolhidos dados pessoais que lhe digam respeito atrav\u00e9s do Site, a fim de responder a um pedido de informa\u00e7\u00e3o que tenha feito:<\/p>\n<ul>\n<li>Seriam recolhidos directamente de si atrav\u00e9s de um formul\u00e1rio que consultaria.<\/li>\n<li>Os destinat\u00e1rios dos dados seriam exclusivamente o pessoal dos servi\u00e7os da SPB Ib\u00e9rica e\/ou os seus subcontratantes directamente envolvidos na realiza\u00e7\u00e3o da opera\u00e7\u00e3o para a qual estes dados pessoais foram recolhidos.<\/li>\n<li>Estes dados ser\u00e3o mantidos estritamente confidenciais e n\u00e3o ser\u00e3o transmitidos a terceiros, excepto quando exigido por lei.<\/li>\n<\/ul>\n<p>Tem o direito de acesso, objec\u00e7\u00e3o por motivos leg\u00edtimos, rectifica\u00e7\u00e3o e portabilidade dos dados pessoais que lhe dizem respeito. Tem tamb\u00e9m o direito de apagar dados pessoais seus que sejam inexactos, incompletos, enganadores, desactualizados ou cuja recolha, utiliza\u00e7\u00e3o, divulga\u00e7\u00e3o ou armazenamento seja proibido. Estes direitos podem ser exercidos em: SOCIEDAD DE PREVISI\u00d3N BANCARIA IB\u00c9RICA, CORREDUR\u00cdA DE SEGUROS Y REASEGUROS, S.A., Apartado de Correo 99010 &#8211; 28080 Madrid; E-mail: <a href=\"mailto:calidad@spb.eu\">calidad@spb.eu<\/a> Pode tamb\u00e9m transmitir (e modificar a qualquer momento) instru\u00e7\u00f5es sobre a reten\u00e7\u00e3o, apagamento e comunica\u00e7\u00e3o dos seus dados pessoais ap\u00f3s a sua morte e, quando apropriado, designar uma pessoa para os implementar. Na aus\u00eancia de directivas e\/ou designa\u00e7\u00e3o, s\u00e3o aplic\u00e1veis as disposi\u00e7\u00f5es legais e regulamentares aplic\u00e1veis em mat\u00e9ria de tratamento de dados pessoais.<\/p>\n\t\t\t\t\t\t\t\t<\/div>\n\t\t\t\t<\/div>\n\t\t\t\t\t<\/div>\n\t\t<\/div>\n\t\t\t\t\t<\/div>\n\t\t<\/section>\n\t\t\t\t<section class=\"elementor-section elementor-top-section elementor-element elementor-element-eaf7d46 elementor-section-boxed elementor-section-height-default elementor-section-height-default\" data-id=\"eaf7d46\" data-element_type=\"section\" data-e-type=\"section\">\n\t\t\t\t\t\t<div class=\"elementor-container elementor-column-gap-default\">\n\t\t\t\t\t<div class=\"elementor-column elementor-col-100 elementor-top-column elementor-element elementor-element-f5e6364\" data-id=\"f5e6364\" data-element_type=\"column\" data-e-type=\"column\">\n\t\t\t<div class=\"elementor-widget-wrap elementor-element-populated\">\n\t\t\t\t\t\t<div class=\"elementor-element elementor-element-87fbd73 elementor-widget elementor-widget-heading\" data-id=\"87fbd73\" data-element_type=\"widget\" data-e-type=\"widget\" data-widget_type=\"heading.default\">\n\t\t\t\t<div class=\"elementor-widget-container\">\n\t\t\t\t\t<h2 class=\"elementor-heading-title elementor-size-default\">Lei aplic\u00e1vel e jurisdi\u00e7\u00e3o <\/h2>\t\t\t\t<\/div>\n\t\t\t\t<\/div>\n\t\t\t\t<div class=\"elementor-element elementor-element-ee510b3 elementor-widget elementor-widget-text-editor\" data-id=\"ee510b3\" data-element_type=\"widget\" data-e-type=\"widget\" data-widget_type=\"text-editor.default\">\n\t\t\t\t<div class=\"elementor-widget-container\">\n\t\t\t\t\t\t\t\t\t<p>Estas Condi\u00e7\u00f5es s\u00e3o regidas pela lei espanhola. Qualquer lit\u00edgio sobre a sua validade, interpreta\u00e7\u00e3o ou execu\u00e7\u00e3o estar\u00e1 sujeito \u00e0 jurisdi\u00e7\u00e3o dos tribunais espanh\u00f3is competentes.<\/p>\n\t\t\t\t\t\t\t\t<\/div>\n\t\t\t\t<\/div>\n\t\t\t\t\t<\/div>\n\t\t<\/div>\n\t\t\t\t\t<\/div>\n\t\t<\/section>\n\t\t\t\t<section class=\"elementor-section elementor-top-section elementor-element elementor-element-6bd9d87 elementor-section-boxed elementor-section-height-default elementor-section-height-default\" data-id=\"6bd9d87\" data-element_type=\"section\" data-e-type=\"section\">\n\t\t\t\t\t\t<div class=\"elementor-container elementor-column-gap-default\">\n\t\t\t\t\t<div class=\"elementor-column elementor-col-100 elementor-top-column elementor-element elementor-element-0accc7b\" data-id=\"0accc7b\" data-element_type=\"column\" data-e-type=\"column\">\n\t\t\t<div class=\"elementor-widget-wrap elementor-element-populated\">\n\t\t\t\t\t\t<div class=\"elementor-element elementor-element-a432698 elementor-widget elementor-widget-heading\" data-id=\"a432698\" data-element_type=\"widget\" data-e-type=\"widget\" data-widget_type=\"heading.default\">\n\t\t\t\t<div class=\"elementor-widget-container\">\n\t\t\t\t\t<h2 class=\"elementor-heading-title elementor-size-default\">Mensagens<\/h2>\t\t\t\t<\/div>\n\t\t\t\t<\/div>\n\t\t\t\t<div class=\"elementor-element elementor-element-e851068 elementor-widget elementor-widget-text-editor\" data-id=\"e851068\" data-element_type=\"widget\" data-e-type=\"widget\" data-widget_type=\"text-editor.default\">\n\t\t\t\t<div class=\"elementor-widget-container\">\n\t\t\t\t\t\t\t\t\t<p>As mensagens enviadas atrav\u00e9s da Internet podem ser interceptadas. N\u00e3o divulgar informa\u00e7\u00f5es pessoais desnecess\u00e1rias ou sens\u00edveis. Se desejar fornecer-nos tais informa\u00e7\u00f5es, dever\u00e1 utilizar o c\u00f3digo postal.<\/p>\n\t\t\t\t\t\t\t\t<\/div>\n\t\t\t\t<\/div>\n\t\t\t\t\t<\/div>\n\t\t<\/div>\n\t\t\t\t\t<\/div>\n\t\t<\/section>\n\t\t\t\t<\/div>\n\t\t","protected":false},"excerpt":{"rendered":"<p>Aviso legal condi\u00e7\u00f5es legais O s\u00edtio web O website acess\u00edvel em www.spb.eu (a seguir o &#8220;Site&#8221;) \u00e9: Publicado pela Sociedad de Previsi\u00f3n Bancaria Ib\u00e9rica, Corredur\u00eda de Seguros y Reaseguros Privados, S. A. (adiante, &#8220;SPB Ib\u00e9rica&#8221;), com sede social em C\/Arequipa, n\u00ba 1, 28043 Madrid, com n\u00famero de identifica\u00e7\u00e3o fiscal A60966694 e n\u00famero de telefone +34 [&hellip;]<\/p>\n","protected":false},"author":8,"featured_media":0,"parent":0,"menu_order":0,"comment_status":"closed","ping_status":"closed","template":"","meta":{"inline_featured_image":false,"footnotes":""},"class_list":["post-6691","page","type-page","status-publish","hentry"],"_links":{"self":[{"href":"https:\/\/spbseguros.com\/pt-pt\/wp-json\/wp\/v2\/pages\/6691","targetHints":{"allow":["GET"]}}],"collection":[{"href":"https:\/\/spbseguros.com\/pt-pt\/wp-json\/wp\/v2\/pages"}],"about":[{"href":"https:\/\/spbseguros.com\/pt-pt\/wp-json\/wp\/v2\/types\/page"}],"author":[{"embeddable":true,"href":"https:\/\/spbseguros.com\/pt-pt\/wp-json\/wp\/v2\/users\/8"}],"replies":[{"embeddable":true,"href":"https:\/\/spbseguros.com\/pt-pt\/wp-json\/wp\/v2\/comments?post=6691"}],"version-history":[{"count":5,"href":"https:\/\/spbseguros.com\/pt-pt\/wp-json\/wp\/v2\/pages\/6691\/revisions"}],"predecessor-version":[{"id":7148,"href":"https:\/\/spbseguros.com\/pt-pt\/wp-json\/wp\/v2\/pages\/6691\/revisions\/7148"}],"wp:attachment":[{"href":"https:\/\/spbseguros.com\/pt-pt\/wp-json\/wp\/v2\/media?parent=6691"}],"curies":[{"name":"wp","href":"https:\/\/api.w.org\/{rel}","templated":true}]}}